{"id":4230,"date":"2023-08-16T10:41:13","date_gmt":"2023-08-16T10:41:13","guid":{"rendered":"https:\/\/www.hes.pl\/?post_type=product&#038;p=4230"},"modified":"2025-01-15T12:10:12","modified_gmt":"2025-01-15T12:10:12","slug":"g2-gryf-zaczepowy-dlugi-prosty-1165cm","status":"publish","type":"product","link":"https:\/\/www.hes.pl\/index.php\/produkt\/g2-gryf-zaczepowy-dlugi-prosty-1165cm\/","title":{"rendered":"G2 Gryf zaczepowy d\u0142ugi prosty 116,5cm"},"content":{"rendered":"","protected":false},"excerpt":{"rendered":"<p>Gryfy zaczepowe stanowi\u0105 sprz\u0119ty uzupe\u0142niaj\u0105ce atlasy do \u0107wicze\u0144 , jak r\u00f3wnie\u017c s\u0105\u00a0 dodatkiem do wyci\u0105gu g\u00f3rnego i dolnego.\u00a0 \u0106wiczenia z gryfami zaczepowymi polecane s\u0105 osobom, kt\u00f3rym zale\u017cy na zbudowaniu i wyrze\u017abieniu masy mi\u0119\u015bniowej.<\/p>\n","protected":false},"featured_media":0,"template":"","meta":{"site-sidebar-layout":"default","site-content-layout":"","ast-site-content-layout":"default","site-content-style":"default","site-sidebar-style":"default","ast-global-header-display":"","ast-banner-title-visibility":"","ast-main-header-display":"","ast-hfb-above-header-display":"","ast-hfb-below-header-display":"","ast-hfb-mobile-header-display":"","site-post-title":"","ast-breadcrumbs-content":"","ast-featured-img":"","footer-sml-layout":"","theme-transparent-header-meta":"default","adv-header-id-meta":"","stick-header-meta":"","header-above-stick-meta":"","header-main-stick-meta":"","header-below-stick-meta":"","astra-migrate-meta-layouts":"set","ast-page-background-enabled":"default","ast-page-background-meta":{"desktop":{"background-color":"","background-image":"","background-repeat":"repeat","background-position":"center center","background-size":"auto","background-attachment":"scroll","background-type":"","background-media":"","overlay-type":"","overlay-color":"","overlay-opacity":"","overlay-gradient":""},"tablet":{"background-color":"","background-image":"","background-repeat":"repeat","background-position":"center center","background-size":"auto","background-attachment":"scroll","background-type":"","background-media":"","overlay-type":"","overlay-color":"","overlay-opacity":"","overlay-gradient":""},"mobile":{"background-color":"","background-image":"","background-repeat":"repeat","background-position":"center center","background-size":"auto","background-attachment":"scroll","background-type":"","background-media":"","overlay-type":"","overlay-color":"","overlay-opacity":"","overlay-gradient":""}},"ast-content-background-meta":{"desktop":{"background-color":"var(--ast-global-color-5)","background-image":"","background-repeat":"repeat","background-position":"center center","background-size":"auto","background-attachment":"scroll","background-type":"","background-media":"","overlay-type":"","overlay-color":"","overlay-opacity":"","overlay-gradient":""},"tablet":{"background-color":"var(--ast-global-color-5)","background-image":"","background-repeat":"repeat","background-position":"center center","background-size":"auto","background-attachment":"scroll","background-type":"","background-media":"","overlay-type":"","overlay-color":"","overlay-opacity":"","overlay-gradient":""},"mobile":{"background-color":"var(--ast-global-color-5)","background-image":"","background-repeat":"repeat","background-position":"center center","background-size":"auto","background-attachment":"scroll","background-type":"","background-media":"","overlay-type":"","overlay-color":"","overlay-opacity":"","overlay-gradient":""}}},"product_cat":[63],"product_tag":[],"class_list":{"0":"post-4230","1":"product","2":"type-product","3":"status-publish","5":"product_cat-gryfy-zaczepowe","6":"desktop-align-left","7":"tablet-align-left","8":"mobile-align-left","10":"first","11":"instock","12":"shipping-taxable","13":"product-type-simple"},"_links":{"self":[{"href":"https:\/\/www.hes.pl\/index.php\/wp-json\/wp\/v2\/product\/4230","targetHints":{"allow":["GET"]}}],"collection":[{"href":"https:\/\/www.hes.pl\/index.php\/wp-json\/wp\/v2\/product"}],"about":[{"href":"https:\/\/www.hes.pl\/index.php\/wp-json\/wp\/v2\/types\/product"}],"version-history":[{"count":2,"href":"https:\/\/www.hes.pl\/index.php\/wp-json\/wp\/v2\/product\/4230\/revisions"}],"predecessor-version":[{"id":6885,"href":"https:\/\/www.hes.pl\/index.php\/wp-json\/wp\/v2\/product\/4230\/revisions\/6885"}],"wp:attachment":[{"href":"https:\/\/www.hes.pl\/index.php\/wp-json\/wp\/v2\/media?parent=4230"}],"wp:term":[{"taxonomy":"product_cat","embeddable":true,"href":"https:\/\/www.hes.pl\/index.php\/wp-json\/wp\/v2\/product_cat?post=4230"},{"taxonomy":"product_tag","embeddable":true,"href":"https:\/\/www.hes.pl\/index.php\/wp-json\/wp\/v2\/product_tag?post=4230"}],"curies":[{"name":"wp","href":"https:\/\/api.w.org\/{rel}","templated":true}]}}