{"id":4352,"date":"2023-08-16T10:41:30","date_gmt":"2023-08-16T10:41:30","guid":{"rendered":"https:\/\/www.hes.pl\/?post_type=product&#038;p=4352"},"modified":"2023-08-17T10:02:35","modified_gmt":"2023-08-17T10:02:35","slug":"obciazenia-gumowe-typu-bumper","status":"publish","type":"product","link":"https:\/\/www.hes.pl\/index.php\/produkt\/obciazenia-gumowe-typu-bumper\/","title":{"rendered":"Obci\u0105\u017cenia gumowe typu BUMPER"},"content":{"rendered":"<table width=\"614\">\n<tbody>\n<tr>\n<td width=\"406\">Obci\u0105\u017cenia Talerzowe BUMPER<\/td>\n<td width=\"122\">SYMBOL<\/td>\n<td width=\"86\">sztuki<\/td>\n<\/tr>\n<tr>\n<td width=\"406\">Obci\u0105\u017cenia typu BUMPER\u00a0\u00a0\u00a0 5kg<\/td>\n<td width=\"122\">5KG-B<\/td>\n<td width=\"86\">1 szt.<\/td>\n<\/tr>\n<tr>\n<td width=\"406\">Obci\u0105\u017cenia typu BUMPER\u00a0\u00a0 10kg<\/td>\n<td width=\"122\">10KG-B<\/td>\n<td width=\"86\">1 szt.<\/td>\n<\/tr>\n<tr>\n<td width=\"406\">Obci\u0105\u017cenia typu BUMPER\u00a0\u00a0\u00a0 15kg<\/td>\n<td width=\"122\">15KG-B<\/td>\n<td width=\"86\">1 szt.<\/td>\n<\/tr>\n<tr>\n<td width=\"406\">Obci\u0105\u017cenia typu BUMPER\u00a0\u00a0\u00a0 20kg<\/td>\n<td width=\"122\">20KG-B<\/td>\n<td width=\"86\">1 szt.<\/td>\n<\/tr>\n<tr>\n<td width=\"406\">Zestaw obci\u0105\u017ce\u0144 BUMPER od 5kg do 20 kg po 2 szt (waga 100 kg)<\/td>\n<td width=\"122\">B-SET<\/td>\n<td width=\"86\">1 KPL<\/td>\n<\/tr>\n<\/tbody>\n<\/table>\n","protected":false},"excerpt":{"rendered":"<p>Obci\u0105\u017cenia gumowe typu BUMPER<br \/>\nBumpery produkowane s\u0105 z dodatkiem specjalnej, twardej gumy, co zapewnia najwy\u017csz\u0105 trwa\u0142o\u015b\u0107 tego typu obci\u0105\u017ce\u0144. W bumperach znajduje si\u0119 metalowa tulejka, kt\u00f3rej konstrukcja zapobiega obracaniu si\u0119 tulejki na bumperze.<\/p>\n<p>Komplet 100kg BUMPER\u00d3W:<\/p>\n<ul>\n<li>2 x 5kg<\/li>\n<li>2 x 10kg<\/li>\n<li>2 x 15kg<\/li>\n<li>2 x 20kg<\/li>\n<\/ul>\n<p>Mo\u017cliwo\u015b\u0107 z\u0142o\u017cenia zam\u00f3wienia na pojedyncze wagi.<\/p>\n","protected":false},"featured_media":5901,"template":"","meta":{"site-sidebar-layout":"default","site-content-layout":"","ast-site-content-layout":"default","site-content-style":"default","site-sidebar-style":"default","ast-global-header-display":"","ast-banner-title-visibility":"","ast-main-header-display":"","ast-hfb-above-header-display":"","ast-hfb-below-header-display":"","ast-hfb-mobile-header-display":"","site-post-title":"","ast-breadcrumbs-content":"","ast-featured-img":"","footer-sml-layout":"","theme-transparent-header-meta":"default","adv-header-id-meta":"","stick-header-meta":"","header-above-stick-meta":"","header-main-stick-meta":"","header-below-stick-meta":"","astra-migrate-meta-layouts":"set","ast-page-background-enabled":"default","ast-page-background-meta":{"desktop":{"background-color":"","background-image":"","background-repeat":"repeat","background-position":"center center","background-size":"auto","background-attachment":"scroll","background-type":"","background-media":"","overlay-type":"","overlay-color":"","overlay-opacity":"","overlay-gradient":""},"tablet":{"background-color":"","background-image":"","background-repeat":"repeat","background-position":"center center","background-size":"auto","background-attachment":"scroll","background-type":"","background-media":"","overlay-type":"","overlay-color":"","overlay-opacity":"","overlay-gradient":""},"mobile":{"background-color":"","background-image":"","background-repeat":"repeat","background-position":"center center","background-size":"auto","background-attachment":"scroll","background-type":"","background-media":"","overlay-type":"","overlay-color":"","overlay-opacity":"","overlay-gradient":""}},"ast-content-background-meta":{"desktop":{"background-color":"var(--ast-global-color-5)","background-image":"","background-repeat":"repeat","background-position":"center center","background-size":"auto","background-attachment":"scroll","background-type":"","background-media":"","overlay-type":"","overlay-color":"","overlay-opacity":"","overlay-gradient":""},"tablet":{"background-color":"var(--ast-global-color-5)","background-image":"","background-repeat":"repeat","background-position":"center center","background-size":"auto","background-attachment":"scroll","background-type":"","background-media":"","overlay-type":"","overlay-color":"","overlay-opacity":"","overlay-gradient":""},"mobile":{"background-color":"var(--ast-global-color-5)","background-image":"","background-repeat":"repeat","background-position":"center center","background-size":"auto","background-attachment":"scroll","background-type":"","background-media":"","overlay-type":"","overlay-color":"","overlay-opacity":"","overlay-gradient":""}}},"product_cat":[75],"product_tag":[],"class_list":{"0":"post-4352","1":"product","2":"type-product","3":"status-publish","4":"has-post-thumbnail","6":"product_cat-obciazenia-wolny-ciezar","7":"desktop-align-left","8":"tablet-align-left","9":"mobile-align-left","11":"first","12":"instock","13":"shipping-taxable","14":"product-type-simple"},"_links":{"self":[{"href":"https:\/\/www.hes.pl\/index.php\/wp-json\/wp\/v2\/product\/4352","targetHints":{"allow":["GET"]}}],"collection":[{"href":"https:\/\/www.hes.pl\/index.php\/wp-json\/wp\/v2\/product"}],"about":[{"href":"https:\/\/www.hes.pl\/index.php\/wp-json\/wp\/v2\/types\/product"}],"version-history":[{"count":1,"href":"https:\/\/www.hes.pl\/index.php\/wp-json\/wp\/v2\/product\/4352\/revisions"}],"predecessor-version":[{"id":4481,"href":"https:\/\/www.hes.pl\/index.php\/wp-json\/wp\/v2\/product\/4352\/revisions\/4481"}],"wp:featuredmedia":[{"embeddable":true,"href":"https:\/\/www.hes.pl\/index.php\/wp-json\/wp\/v2\/media\/5901"}],"wp:attachment":[{"href":"https:\/\/www.hes.pl\/index.php\/wp-json\/wp\/v2\/media?parent=4352"}],"wp:term":[{"taxonomy":"product_cat","embeddable":true,"href":"https:\/\/www.hes.pl\/index.php\/wp-json\/wp\/v2\/product_cat?post=4352"},{"taxonomy":"product_tag","embeddable":true,"href":"https:\/\/www.hes.pl\/index.php\/wp-json\/wp\/v2\/product_tag?post=4352"}],"curies":[{"name":"wp","href":"https:\/\/api.w.org\/{rel}","templated":true}]}}