{"id":4495,"date":"2023-08-16T10:41:46","date_gmt":"2023-08-16T10:41:46","guid":{"rendered":"https:\/\/www.hes.pl\/?post_type=product&#038;p=4495"},"modified":"2026-03-10T08:09:52","modified_gmt":"2026-03-10T08:09:52","slug":"obciazenie-surowe-zeliwne-z-uchwytami","status":"publish","type":"product","link":"https:\/\/www.hes.pl\/index.php\/produkt\/obciazenie-surowe-zeliwne-z-uchwytami\/","title":{"rendered":"Obci\u0105\u017cenie surowe \u017celiwne z uchwytami fi50"},"content":{"rendered":"<table width=\"614\">\n<tbody>\n<tr>\n<td width=\"406\">OBCI\u0104\u017bENIA Talerzowe \u017celiwne z Uchwytami<\/td>\n<td width=\"122\">WAGA<\/td>\n<td width=\"86\">SZTUKI<\/td>\n<\/tr>\n<tr>\n<td width=\"406\">Ko\u0142o surowe \u017celiwo (z uchwytami) 1kg<\/td>\n<td width=\"122\">1kg<\/td>\n<td width=\"86\">1 szt.<\/td>\n<\/tr>\n<tr>\n<td width=\"406\">Ko\u0142o surowe \u017celiwo (z uchwytami) 2,5kg<\/td>\n<td width=\"122\">2,5kg<\/td>\n<td width=\"86\">1 szt.<\/td>\n<\/tr>\n<tr>\n<td width=\"406\">Ko\u0142o surowe \u017celiwo (z uchwytami) 5kg<\/td>\n<td width=\"122\">5kg<\/td>\n<td width=\"86\">1 szt.<\/td>\n<\/tr>\n<tr>\n<td width=\"406\">Ko\u0142o surowe \u017celiwo (z uchwytami) 10kg<\/td>\n<td width=\"122\">10kg<\/td>\n<td width=\"86\">1 szt.<\/td>\n<\/tr>\n<tr>\n<td width=\"406\">Ko\u0142o surowe \u017celiwo (z uchwytami) 15g<\/td>\n<td width=\"122\">15kg<\/td>\n<td width=\"86\">1 szt.<\/td>\n<\/tr>\n<tr>\n<td width=\"406\">Ko\u0142o surowe \u017celiwo (z uchwytami) 20kg<\/td>\n<td width=\"122\">20kg<\/td>\n<td width=\"86\">1 szt.<\/td>\n<\/tr>\n<tr>\n<td width=\"406\">Ko\u0142o surowe \u017celiwo (z uchwytami) 25kg<\/td>\n<td width=\"122\">25kg<\/td>\n<td width=\"86\">1 szt.<\/td>\n<\/tr>\n<tr>\n<td width=\"406\">Zestaw k\u00f3\u0142 surowych z uchwytami po 2 szt z ka\u017cdej wagi (\u0142\u0105czna waga 157,5kg)<\/td>\n<td width=\"122\">157,5kg<\/td>\n<td width=\"86\">1kpl<\/td>\n<\/tr>\n<\/tbody>\n<\/table>\n","protected":false},"excerpt":{"rendered":"<p>Zestaw talerzy obci\u0105\u017ceniowych wykonanych z \u017celiwa z wygodnymi uchwytami<\/p>\n<p>Zestaw zawiera pary talerzy o nast\u0119puj\u0105cych wagach: 1,25kg, 2,5kg, 5kg, 10kg, 15kg, 20kg, 25kg<\/p>\n<p>Mo\u017cliwo\u015b\u0107 zam\u00f3wienia pojedynczych wag<\/p>\n","protected":false},"featured_media":5902,"template":"","meta":{"site-sidebar-layout":"default","site-content-layout":"","ast-site-content-layout":"default","site-content-style":"default","site-sidebar-style":"default","ast-global-header-display":"","ast-banner-title-visibility":"","ast-main-header-display":"","ast-hfb-above-header-display":"","ast-hfb-below-header-display":"","ast-hfb-mobile-header-display":"","site-post-title":"","ast-breadcrumbs-content":"","ast-featured-img":"","footer-sml-layout":"","theme-transparent-header-meta":"default","adv-header-id-meta":"","stick-header-meta":"","header-above-stick-meta":"","header-main-stick-meta":"","header-below-stick-meta":"","astra-migrate-meta-layouts":"set","ast-page-background-enabled":"default","ast-page-background-meta":{"desktop":{"background-color":"","background-image":"","background-repeat":"repeat","background-position":"center center","background-size":"auto","background-attachment":"scroll","background-type":"","background-media":"","overlay-type":"","overlay-color":"","overlay-opacity":"","overlay-gradient":""},"tablet":{"background-color":"","background-image":"","background-repeat":"repeat","background-position":"center center","background-size":"auto","background-attachment":"scroll","background-type":"","background-media":"","overlay-type":"","overlay-color":"","overlay-opacity":"","overlay-gradient":""},"mobile":{"background-color":"","background-image":"","background-repeat":"repeat","background-position":"center center","background-size":"auto","background-attachment":"scroll","background-type":"","background-media":"","overlay-type":"","overlay-color":"","overlay-opacity":"","overlay-gradient":""}},"ast-content-background-meta":{"desktop":{"background-color":"var(--ast-global-color-5)","background-image":"","background-repeat":"repeat","background-position":"center center","background-size":"auto","background-attachment":"scroll","background-type":"","background-media":"","overlay-type":"","overlay-color":"","overlay-opacity":"","overlay-gradient":""},"tablet":{"background-color":"var(--ast-global-color-5)","background-image":"","background-repeat":"repeat","background-position":"center center","background-size":"auto","background-attachment":"scroll","background-type":"","background-media":"","overlay-type":"","overlay-color":"","overlay-opacity":"","overlay-gradient":""},"mobile":{"background-color":"var(--ast-global-color-5)","background-image":"","background-repeat":"repeat","background-position":"center center","background-size":"auto","background-attachment":"scroll","background-type":"","background-media":"","overlay-type":"","overlay-color":"","overlay-opacity":"","overlay-gradient":""}}},"product_cat":[75],"product_tag":[],"class_list":{"0":"post-4495","1":"product","2":"type-product","3":"status-publish","4":"has-post-thumbnail","6":"product_cat-obciazenia-wolny-ciezar","7":"desktop-align-left","8":"tablet-align-left","9":"mobile-align-left","11":"first","12":"instock","13":"shipping-taxable","14":"product-type-simple"},"_links":{"self":[{"href":"https:\/\/www.hes.pl\/index.php\/wp-json\/wp\/v2\/product\/4495","targetHints":{"allow":["GET"]}}],"collection":[{"href":"https:\/\/www.hes.pl\/index.php\/wp-json\/wp\/v2\/product"}],"about":[{"href":"https:\/\/www.hes.pl\/index.php\/wp-json\/wp\/v2\/types\/product"}],"version-history":[{"count":2,"href":"https:\/\/www.hes.pl\/index.php\/wp-json\/wp\/v2\/product\/4495\/revisions"}],"predecessor-version":[{"id":7052,"href":"https:\/\/www.hes.pl\/index.php\/wp-json\/wp\/v2\/product\/4495\/revisions\/7052"}],"wp:featuredmedia":[{"embeddable":true,"href":"https:\/\/www.hes.pl\/index.php\/wp-json\/wp\/v2\/media\/5902"}],"wp:attachment":[{"href":"https:\/\/www.hes.pl\/index.php\/wp-json\/wp\/v2\/media?parent=4495"}],"wp:term":[{"taxonomy":"product_cat","embeddable":true,"href":"https:\/\/www.hes.pl\/index.php\/wp-json\/wp\/v2\/product_cat?post=4495"},{"taxonomy":"product_tag","embeddable":true,"href":"https:\/\/www.hes.pl\/index.php\/wp-json\/wp\/v2\/product_tag?post=4495"}],"curies":[{"name":"wp","href":"https:\/\/api.w.org\/{rel}","templated":true}]}}