{"id":4497,"date":"2023-08-16T10:41:47","date_gmt":"2023-08-16T10:41:47","guid":{"rendered":"https:\/\/www.hes.pl\/?post_type=product&#038;p=4497"},"modified":"2024-03-21T08:55:55","modified_gmt":"2024-03-21T08:55:55","slug":"hantle-skrecane-na-stale-stalowe-ciete-z-walca","status":"publish","type":"product","link":"https:\/\/www.hes.pl\/index.php\/produkt\/hantle-skrecane-na-stale-stalowe-ciete-z-walca\/","title":{"rendered":"Hantle skr\u0119cane na sta\u0142e stalowe (ci\u0119te z walca)"},"content":{"rendered":"<table width=\"614\">\n<tbody>\n<tr>\n<td width=\"406\">Zestawy Hantli Stalowych Skr\u0119canych na Sta\u0142\u0119 (Ci\u0119te z Walca) co 2kg i powy\u017cej 20kg skok co 2,5kg<\/td>\n<td width=\"122\">SZTUKI<\/td>\n<td width=\"86\">ILO\u015a\u0106 PAR<\/td>\n<\/tr>\n<tr>\n<td width=\"406\">Zestaw Hantli Stalowych Skr\u0119canych na Sta\u0142\u0119 2 &#8211; 20 kg (220kg)<\/td>\n<td width=\"122\">1 kpl<\/td>\n<td width=\"86\">10 par<\/td>\n<\/tr>\n<tr>\n<td width=\"406\">Zestaw Hantli Stalowych Skr\u0119canych na Sta\u0142\u0119 2 &#8211; 30 kg (430kg)<\/td>\n<td width=\"122\">1 kpl<\/td>\n<td width=\"86\">14 par<\/td>\n<\/tr>\n<tr>\n<td width=\"406\">Zestaw Hantli Stalowych Skr\u0119canych na Sta\u0142\u0119 2 &#8211; 40 kg ( 720kg)<\/td>\n<td width=\"122\">1 kpl<\/td>\n<td width=\"86\">18 par<\/td>\n<\/tr>\n<tr>\n<td width=\"406\">Zestaw Hantli Stalowych Skr\u0119canych na Sta\u0142\u0119 2 &#8211; 50 kg (1090kg)<\/td>\n<td width=\"122\">1 kpl<\/td>\n<td width=\"86\">22 pary<\/td>\n<\/tr>\n<tr>\n<td width=\"406\">Zestaw Hantli Stalowych Skr\u0119canych na Sta\u0142\u0119 2 &#8211; 60 kg (1540kg)<\/td>\n<td width=\"122\">1 kpl<\/td>\n<td width=\"86\">26 par<\/td>\n<\/tr>\n<\/tbody>\n<\/table>\n","protected":false},"excerpt":{"rendered":"<p>HANTLE skr\u0119cane na sta\u0142e stalowe.<br \/>\nGryfik fi28, szeroko\u015b\u0107 150mm, pe\u0142ne rade\u0142kowanie z pow\u0142oka chromowan\u0105.<\/p>\n<p>Odwa\u017cniki stalowe, malowane proszkowo, \u0142\u0105czone na sta\u0142e za pomoc\u0105 \u0142\u0105czenia gwintowanego.<\/p>\n<p>Standardowy skok wagi:<br \/>\n&#8211; co 2kg (do 20kg)<br \/>\n&#8211; co 2,5kg (powy\u017cej 20kg)<\/p>\n<p>Mo\u017cliwo\u015b\u0107 zam\u00f3wienia dowolnych wag hantli.<\/p>\n<p>Hantelki \u00a0firmy HES charakteryzuj\u0105 si\u0119 wysok\u0105 jako\u015bci\u0105 i wytrzyma\u0142o\u015bci\u0105 na zu\u017cycie. Hantelki HES przeznaczone s\u0105 do \u0107wicze\u0144 mi\u0119\u015bni r\u0105k, ramion i klatki piersiowej. Cz\u0119\u015b\u0107 chwytna w ergonomicznym kszta\u0142cie.<\/p>\n","protected":false},"featured_media":5938,"template":"","meta":{"site-sidebar-layout":"default","site-content-layout":"","ast-site-content-layout":"default","site-content-style":"default","site-sidebar-style":"default","ast-global-header-display":"","ast-banner-title-visibility":"","ast-main-header-display":"","ast-hfb-above-header-display":"","ast-hfb-below-header-display":"","ast-hfb-mobile-header-display":"","site-post-title":"","ast-breadcrumbs-content":"","ast-featured-img":"","footer-sml-layout":"","theme-transparent-header-meta":"default","adv-header-id-meta":"","stick-header-meta":"","header-above-stick-meta":"","header-main-stick-meta":"","header-below-stick-meta":"","astra-migrate-meta-layouts":"set","ast-page-background-enabled":"default","ast-page-background-meta":{"desktop":{"background-color":"","background-image":"","background-repeat":"repeat","background-position":"center center","background-size":"auto","background-attachment":"scroll","background-type":"","background-media":"","overlay-type":"","overlay-color":"","overlay-opacity":"","overlay-gradient":""},"tablet":{"background-color":"","background-image":"","background-repeat":"repeat","background-position":"center center","background-size":"auto","background-attachment":"scroll","background-type":"","background-media":"","overlay-type":"","overlay-color":"","overlay-opacity":"","overlay-gradient":""},"mobile":{"background-color":"","background-image":"","background-repeat":"repeat","background-position":"center center","background-size":"auto","background-attachment":"scroll","background-type":"","background-media":"","overlay-type":"","overlay-color":"","overlay-opacity":"","overlay-gradient":""}},"ast-content-background-meta":{"desktop":{"background-color":"var(--ast-global-color-5)","background-image":"","background-repeat":"repeat","background-position":"center center","background-size":"auto","background-attachment":"scroll","background-type":"","background-media":"","overlay-type":"","overlay-color":"","overlay-opacity":"","overlay-gradient":""},"tablet":{"background-color":"var(--ast-global-color-5)","background-image":"","background-repeat":"repeat","background-position":"center center","background-size":"auto","background-attachment":"scroll","background-type":"","background-media":"","overlay-type":"","overlay-color":"","overlay-opacity":"","overlay-gradient":""},"mobile":{"background-color":"var(--ast-global-color-5)","background-image":"","background-repeat":"repeat","background-position":"center center","background-size":"auto","background-attachment":"scroll","background-type":"","background-media":"","overlay-type":"","overlay-color":"","overlay-opacity":"","overlay-gradient":""}}},"product_cat":[84],"product_tag":[],"class_list":{"0":"post-4497","1":"product","2":"type-product","3":"status-publish","4":"has-post-thumbnail","6":"product_cat-hantle-wolny-ciezar","7":"desktop-align-left","8":"tablet-align-left","9":"mobile-align-left","11":"first","12":"instock","13":"shipping-taxable","14":"product-type-simple"},"_links":{"self":[{"href":"https:\/\/www.hes.pl\/index.php\/wp-json\/wp\/v2\/product\/4497","targetHints":{"allow":["GET"]}}],"collection":[{"href":"https:\/\/www.hes.pl\/index.php\/wp-json\/wp\/v2\/product"}],"about":[{"href":"https:\/\/www.hes.pl\/index.php\/wp-json\/wp\/v2\/types\/product"}],"version-history":[{"count":1,"href":"https:\/\/www.hes.pl\/index.php\/wp-json\/wp\/v2\/product\/4497\/revisions"}],"predecessor-version":[{"id":4498,"href":"https:\/\/www.hes.pl\/index.php\/wp-json\/wp\/v2\/product\/4497\/revisions\/4498"}],"wp:featuredmedia":[{"embeddable":true,"href":"https:\/\/www.hes.pl\/index.php\/wp-json\/wp\/v2\/media\/5938"}],"wp:attachment":[{"href":"https:\/\/www.hes.pl\/index.php\/wp-json\/wp\/v2\/media?parent=4497"}],"wp:term":[{"taxonomy":"product_cat","embeddable":true,"href":"https:\/\/www.hes.pl\/index.php\/wp-json\/wp\/v2\/product_cat?post=4497"},{"taxonomy":"product_tag","embeddable":true,"href":"https:\/\/www.hes.pl\/index.php\/wp-json\/wp\/v2\/product_tag?post=4497"}],"curies":[{"name":"wp","href":"https:\/\/api.w.org\/{rel}","templated":true}]}}