{"id":4521,"date":"2023-08-16T10:42:05","date_gmt":"2023-08-16T10:42:05","guid":{"rendered":"https:\/\/www.hes.pl\/?post_type=product&#038;p=4521"},"modified":"2023-11-02T07:38:46","modified_gmt":"2023-11-02T07:38:46","slug":"power-rack-2-0","status":"publish","type":"product","link":"https:\/\/www.hes.pl\/index.php\/produkt\/power-rack-2-0\/","title":{"rendered":"Power Rack 2.0."},"content":{"rendered":"","protected":false},"excerpt":{"rendered":"<h6>Przy u\u017cyciu Power Rack bez przeszk\u00f3d wykonasz \u0107wiczenia takie jak:<\/h6>\n<ul>\n<li style=\"list-style-type: none;\">\n<ul>\n<li>Wyciskanie le\u017c\u0105c lub siedz\u0105c<\/li>\n<li>Przysiad<\/li>\n<li>Wariacje siad\u00f3w oraz wyciskania z u\u017cyciem gum oporowych typu powerband<\/li>\n<li>Dipy na por\u0119czach<\/li>\n<li>Podci\u0105ganie w dowolnych konfiguracjach uchwytu<\/li>\n<li>Press<\/li>\n<li>Landmine Press<\/li>\n<li>Bulgarian Split Squat<\/li>\n<li>\u0106wiczenia z u\u017cyciem liny battlerope<\/li>\n<li>Wallball shots<\/li>\n<li>Wios\u0142owanie sztang\u0105 w opadzie tu\u0142owia<\/li>\n<li>\u0106wiczenia mobility<\/li>\n<\/ul>\n<\/li>\n<\/ul>\n<p>oraz wiele innych&#8230;<\/p>\n<p>&nbsp;<\/p>\n","protected":false},"featured_media":6420,"template":"","meta":{"site-sidebar-layout":"default","site-content-layout":"","ast-site-content-layout":"default","site-content-style":"default","site-sidebar-style":"default","ast-global-header-display":"","ast-banner-title-visibility":"","ast-main-header-display":"","ast-hfb-above-header-display":"","ast-hfb-below-header-display":"","ast-hfb-mobile-header-display":"","site-post-title":"","ast-breadcrumbs-content":"","ast-featured-img":"","footer-sml-layout":"","theme-transparent-header-meta":"default","adv-header-id-meta":"","stick-header-meta":"","header-above-stick-meta":"","header-main-stick-meta":"","header-below-stick-meta":"","astra-migrate-meta-layouts":"set","ast-page-background-enabled":"default","ast-page-background-meta":{"desktop":{"background-color":"","background-image":"","background-repeat":"repeat","background-position":"center center","background-size":"auto","background-attachment":"scroll","background-type":"","background-media":"","overlay-type":"","overlay-color":"","overlay-opacity":"","overlay-gradient":""},"tablet":{"background-color":"","background-image":"","background-repeat":"repeat","background-position":"center center","background-size":"auto","background-attachment":"scroll","background-type":"","background-media":"","overlay-type":"","overlay-color":"","overlay-opacity":"","overlay-gradient":""},"mobile":{"background-color":"","background-image":"","background-repeat":"repeat","background-position":"center center","background-size":"auto","background-attachment":"scroll","background-type":"","background-media":"","overlay-type":"","overlay-color":"","overlay-opacity":"","overlay-gradient":""}},"ast-content-background-meta":{"desktop":{"background-color":"var(--ast-global-color-5)","background-image":"","background-repeat":"repeat","background-position":"center center","background-size":"auto","background-attachment":"scroll","background-type":"","background-media":"","overlay-type":"","overlay-color":"","overlay-opacity":"","overlay-gradient":""},"tablet":{"background-color":"var(--ast-global-color-5)","background-image":"","background-repeat":"repeat","background-position":"center center","background-size":"auto","background-attachment":"scroll","background-type":"","background-media":"","overlay-type":"","overlay-color":"","overlay-opacity":"","overlay-gradient":""},"mobile":{"background-color":"var(--ast-global-color-5)","background-image":"","background-repeat":"repeat","background-position":"center center","background-size":"auto","background-attachment":"scroll","background-type":"","background-media":"","overlay-type":"","overlay-color":"","overlay-opacity":"","overlay-gradient":""}}},"product_cat":[82],"product_tag":[],"class_list":{"0":"post-4521","1":"product","2":"type-product","3":"status-publish","4":"has-post-thumbnail","6":"product_cat-power","7":"desktop-align-left","8":"tablet-align-left","9":"mobile-align-left","11":"first","12":"instock","13":"shipping-taxable","14":"product-type-simple"},"_links":{"self":[{"href":"https:\/\/www.hes.pl\/index.php\/wp-json\/wp\/v2\/product\/4521","targetHints":{"allow":["GET"]}}],"collection":[{"href":"https:\/\/www.hes.pl\/index.php\/wp-json\/wp\/v2\/product"}],"about":[{"href":"https:\/\/www.hes.pl\/index.php\/wp-json\/wp\/v2\/types\/product"}],"version-history":[{"count":1,"href":"https:\/\/www.hes.pl\/index.php\/wp-json\/wp\/v2\/product\/4521\/revisions"}],"predecessor-version":[{"id":4522,"href":"https:\/\/www.hes.pl\/index.php\/wp-json\/wp\/v2\/product\/4521\/revisions\/4522"}],"wp:featuredmedia":[{"embeddable":true,"href":"https:\/\/www.hes.pl\/index.php\/wp-json\/wp\/v2\/media\/6420"}],"wp:attachment":[{"href":"https:\/\/www.hes.pl\/index.php\/wp-json\/wp\/v2\/media?parent=4521"}],"wp:term":[{"taxonomy":"product_cat","embeddable":true,"href":"https:\/\/www.hes.pl\/index.php\/wp-json\/wp\/v2\/product_cat?post=4521"},{"taxonomy":"product_tag","embeddable":true,"href":"https:\/\/www.hes.pl\/index.php\/wp-json\/wp\/v2\/product_tag?post=4521"}],"curies":[{"name":"wp","href":"https:\/\/api.w.org\/{rel}","templated":true}]}}