{"id":5273,"date":"2023-08-16T10:44:55","date_gmt":"2023-08-16T10:44:55","guid":{"rendered":"https:\/\/www.hes.pl\/?post_type=product&#038;p=5273"},"modified":"2023-10-26T11:24:45","modified_gmt":"2023-10-26T11:24:45","slug":"atlas-9-stanowiskowy-a-17-sk","status":"publish","type":"product","link":"https:\/\/www.hes.pl\/index.php\/produkt\/atlas-9-stanowiskowy-a-17-sk\/","title":{"rendered":"Atlas 9-stanowiskowy A-17-SK"},"content":{"rendered":"","protected":false},"excerpt":{"rendered":"<p>A-17-SK Atlas wielostanowiskowy w sk\u0142adzie:<br \/>\nA-4-F\u00a0 mi\u0119\u015bni najszerszych grzbietu \u2013 wyci\u0105g pionowy<\/p>\n<p>A-10 krzy\u017cak &#8211; ci\u0105g martwy, najszerszy grzbiet<\/p>\n<p>P-2-F por\u0119cze na triceps<\/p>\n<p>A-2-F czworog\u0142owy uda &#8211; siedz\u0105c<\/p>\n<p>L-7-F \u0142awka na prostowniki grzbietu \/krzy\u017c\/<\/p>\n<p>P-1-F por\u0119cze &#8211; podci\u0105ganie<\/p>\n<p>A-5-F mi\u0119sie\u0144 najszerszy grzbietu \u2013 wyci\u0105g poziomy<\/p>\n<p>A-1-F dwug\u0142owy uda &#8211; le\u017c\u0105c<\/p>\n<p>L-14-FR \u0142awka na brzuch wysoka z regulacj\u0105<\/p>\n","protected":false},"featured_media":0,"template":"","meta":{"site-sidebar-layout":"default","site-content-layout":"","ast-site-content-layout":"default","site-content-style":"default","site-sidebar-style":"default","ast-global-header-display":"","ast-banner-title-visibility":"","ast-main-header-display":"","ast-hfb-above-header-display":"","ast-hfb-below-header-display":"","ast-hfb-mobile-header-display":"","site-post-title":"","ast-breadcrumbs-content":"","ast-featured-img":"","footer-sml-layout":"","theme-transparent-header-meta":"default","adv-header-id-meta":"","stick-header-meta":"","header-above-stick-meta":"","header-main-stick-meta":"","header-below-stick-meta":"","astra-migrate-meta-layouts":"set","ast-page-background-enabled":"default","ast-page-background-meta":{"desktop":{"background-color":"","background-image":"","background-repeat":"repeat","background-position":"center center","background-size":"auto","background-attachment":"scroll","background-type":"","background-media":"","overlay-type":"","overlay-color":"","overlay-opacity":"","overlay-gradient":""},"tablet":{"background-color":"","background-image":"","background-repeat":"repeat","background-position":"center center","background-size":"auto","background-attachment":"scroll","background-type":"","background-media":"","overlay-type":"","overlay-color":"","overlay-opacity":"","overlay-gradient":""},"mobile":{"background-color":"","background-image":"","background-repeat":"repeat","background-position":"center center","background-size":"auto","background-attachment":"scroll","background-type":"","background-media":"","overlay-type":"","overlay-color":"","overlay-opacity":"","overlay-gradient":""}},"ast-content-background-meta":{"desktop":{"background-color":"var(--ast-global-color-5)","background-image":"","background-repeat":"repeat","background-position":"center center","background-size":"auto","background-attachment":"scroll","background-type":"","background-media":"","overlay-type":"","overlay-color":"","overlay-opacity":"","overlay-gradient":""},"tablet":{"background-color":"var(--ast-global-color-5)","background-image":"","background-repeat":"repeat","background-position":"center center","background-size":"auto","background-attachment":"scroll","background-type":"","background-media":"","overlay-type":"","overlay-color":"","overlay-opacity":"","overlay-gradient":""},"mobile":{"background-color":"var(--ast-global-color-5)","background-image":"","background-repeat":"repeat","background-position":"center center","background-size":"auto","background-attachment":"scroll","background-type":"","background-media":"","overlay-type":"","overlay-color":"","overlay-opacity":"","overlay-gradient":""}}},"product_cat":[104],"product_tag":[],"class_list":{"0":"post-5273","1":"product","2":"type-product","3":"status-publish","5":"product_cat-linia-classic-atlasy","6":"desktop-align-left","7":"tablet-align-left","8":"mobile-align-left","10":"first","11":"instock","12":"shipping-taxable","13":"product-type-simple"},"_links":{"self":[{"href":"https:\/\/www.hes.pl\/index.php\/wp-json\/wp\/v2\/product\/5273","targetHints":{"allow":["GET"]}}],"collection":[{"href":"https:\/\/www.hes.pl\/index.php\/wp-json\/wp\/v2\/product"}],"about":[{"href":"https:\/\/www.hes.pl\/index.php\/wp-json\/wp\/v2\/types\/product"}],"version-history":[{"count":1,"href":"https:\/\/www.hes.pl\/index.php\/wp-json\/wp\/v2\/product\/5273\/revisions"}],"predecessor-version":[{"id":5274,"href":"https:\/\/www.hes.pl\/index.php\/wp-json\/wp\/v2\/product\/5273\/revisions\/5274"}],"wp:attachment":[{"href":"https:\/\/www.hes.pl\/index.php\/wp-json\/wp\/v2\/media?parent=5273"}],"wp:term":[{"taxonomy":"product_cat","embeddable":true,"href":"https:\/\/www.hes.pl\/index.php\/wp-json\/wp\/v2\/product_cat?post=5273"},{"taxonomy":"product_tag","embeddable":true,"href":"https:\/\/www.hes.pl\/index.php\/wp-json\/wp\/v2\/product_tag?post=5273"}],"curies":[{"name":"wp","href":"https:\/\/api.w.org\/{rel}","templated":true}]}}