{"id":5275,"date":"2023-08-16T10:44:55","date_gmt":"2023-08-16T10:44:55","guid":{"rendered":"https:\/\/www.hes.pl\/?post_type=product&#038;p=5275"},"modified":"2023-10-26T11:10:15","modified_gmt":"2023-10-26T11:10:15","slug":"atlas-11-stanowiskowy-a-18-sk","status":"publish","type":"product","link":"https:\/\/www.hes.pl\/index.php\/produkt\/atlas-11-stanowiskowy-a-18-sk\/","title":{"rendered":"Atlas 11-stanowiskowy A-18-SK"},"content":{"rendered":"","protected":false},"excerpt":{"rendered":"<p>A-18-SK Atlas wielostanowiskowy w sk\u0142adzie:<br \/>\nA-4-F mi\u0119\u015bni najszerszych grzbietu \u2013 wyci\u0105g pionowy<\/p>\n<p>A-6-F wyci\u0105g wielofunkcyjny I kolumna<\/p>\n<p>A-5-F mi\u0119sie\u0144 najszerszy grzbietu \u2013 wyci\u0105g poziomy<\/p>\n<p>A-5-A mi\u0119snie obr\u0119czy barkowej &#8211; wyciskanie siedz\u0105c do g\u00f3ry<\/p>\n<p>L-7-F \u0142awka na prostowniki grzbietu \/krzy\u017c\/<\/p>\n<p>A-16-F mi\u0119\u015bnie ko\u0144czyn dolnych- wypychanie poziomo<\/p>\n<p>A-1-F dwug\u0142owy uda &#8211; le\u017c\u0105c<\/p>\n<p>P-2-F por\u0119cze na triceps<\/p>\n<p>P-1-F por\u0119cze \u2013 mi\u0119\u015bnie brzucha<\/p>\n<p>A-37-F klatka piersiowa wyciskanie siedz\u0105c ze wspomaganiem<\/p>\n<p>A-2-F czworog\u0142owy uda &#8211; siedz\u0105c<\/p>\n","protected":false},"featured_media":0,"template":"","meta":{"site-sidebar-layout":"default","site-content-layout":"","ast-site-content-layout":"default","site-content-style":"default","site-sidebar-style":"default","ast-global-header-display":"","ast-banner-title-visibility":"","ast-main-header-display":"","ast-hfb-above-header-display":"","ast-hfb-below-header-display":"","ast-hfb-mobile-header-display":"","site-post-title":"","ast-breadcrumbs-content":"","ast-featured-img":"","footer-sml-layout":"","theme-transparent-header-meta":"default","adv-header-id-meta":"","stick-header-meta":"","header-above-stick-meta":"","header-main-stick-meta":"","header-below-stick-meta":"","astra-migrate-meta-layouts":"set","ast-page-background-enabled":"default","ast-page-background-meta":{"desktop":{"background-color":"","background-image":"","background-repeat":"repeat","background-position":"center center","background-size":"auto","background-attachment":"scroll","background-type":"","background-media":"","overlay-type":"","overlay-color":"","overlay-opacity":"","overlay-gradient":""},"tablet":{"background-color":"","background-image":"","background-repeat":"repeat","background-position":"center center","background-size":"auto","background-attachment":"scroll","background-type":"","background-media":"","overlay-type":"","overlay-color":"","overlay-opacity":"","overlay-gradient":""},"mobile":{"background-color":"","background-image":"","background-repeat":"repeat","background-position":"center center","background-size":"auto","background-attachment":"scroll","background-type":"","background-media":"","overlay-type":"","overlay-color":"","overlay-opacity":"","overlay-gradient":""}},"ast-content-background-meta":{"desktop":{"background-color":"var(--ast-global-color-5)","background-image":"","background-repeat":"repeat","background-position":"center center","background-size":"auto","background-attachment":"scroll","background-type":"","background-media":"","overlay-type":"","overlay-color":"","overlay-opacity":"","overlay-gradient":""},"tablet":{"background-color":"var(--ast-global-color-5)","background-image":"","background-repeat":"repeat","background-position":"center center","background-size":"auto","background-attachment":"scroll","background-type":"","background-media":"","overlay-type":"","overlay-color":"","overlay-opacity":"","overlay-gradient":""},"mobile":{"background-color":"var(--ast-global-color-5)","background-image":"","background-repeat":"repeat","background-position":"center center","background-size":"auto","background-attachment":"scroll","background-type":"","background-media":"","overlay-type":"","overlay-color":"","overlay-opacity":"","overlay-gradient":""}}},"product_cat":[66],"product_tag":[],"class_list":{"0":"post-5275","1":"product","2":"type-product","3":"status-publish","5":"product_cat-linia-classic-maszyny-silowe","6":"desktop-align-left","7":"tablet-align-left","8":"mobile-align-left","10":"first","11":"instock","12":"shipping-taxable","13":"product-type-simple"},"_links":{"self":[{"href":"https:\/\/www.hes.pl\/index.php\/wp-json\/wp\/v2\/product\/5275","targetHints":{"allow":["GET"]}}],"collection":[{"href":"https:\/\/www.hes.pl\/index.php\/wp-json\/wp\/v2\/product"}],"about":[{"href":"https:\/\/www.hes.pl\/index.php\/wp-json\/wp\/v2\/types\/product"}],"version-history":[{"count":1,"href":"https:\/\/www.hes.pl\/index.php\/wp-json\/wp\/v2\/product\/5275\/revisions"}],"predecessor-version":[{"id":5276,"href":"https:\/\/www.hes.pl\/index.php\/wp-json\/wp\/v2\/product\/5275\/revisions\/5276"}],"wp:attachment":[{"href":"https:\/\/www.hes.pl\/index.php\/wp-json\/wp\/v2\/media?parent=5275"}],"wp:term":[{"taxonomy":"product_cat","embeddable":true,"href":"https:\/\/www.hes.pl\/index.php\/wp-json\/wp\/v2\/product_cat?post=5275"},{"taxonomy":"product_tag","embeddable":true,"href":"https:\/\/www.hes.pl\/index.php\/wp-json\/wp\/v2\/product_tag?post=5275"}],"curies":[{"name":"wp","href":"https:\/\/api.w.org\/{rel}","templated":true}]}}