{"id":6133,"date":"2023-08-18T10:01:03","date_gmt":"2023-08-18T10:01:03","guid":{"rendered":"https:\/\/www.hes.pl\/?post_type=product&#038;p=6133"},"modified":"2023-10-26T10:52:44","modified_gmt":"2023-10-26T10:52:44","slug":"dip","status":"publish","type":"product","link":"https:\/\/www.hes.pl\/index.php\/produkt\/dip\/","title":{"rendered":"POR\u0118CZE DIP"},"content":{"rendered":"<p>Por\u0119cze do tzw. pompek szwedzkich (dip\u00f3w). Montowane do konstrukcji rack na dowolnej wysoko\u015bci. Uchwyty ramiona pokryte s\u0105 rade\u0142kowaniem dla lepszej stabilno\u015bci uchwytu.<\/p>\n<p>&nbsp;<\/p>\n","protected":false},"excerpt":{"rendered":"<p>Por\u0119cze do tzw. pompek szwedzkich (dip\u00f3w). Montowane do konstrukcji rack na dowolnej wysoko\u015bci. Uchwyty ramiona pokryte s\u0105 rade\u0142kowaniem dla lepszej stabilno\u015bci uchwytu. &nbsp;<\/p>\n","protected":false},"featured_media":6015,"template":"","meta":{"site-sidebar-layout":"default","site-content-layout":"","ast-site-content-layout":"default","site-content-style":"default","site-sidebar-style":"default","ast-global-header-display":"","ast-banner-title-visibility":"","ast-main-header-display":"","ast-hfb-above-header-display":"","ast-hfb-below-header-display":"","ast-hfb-mobile-header-display":"","site-post-title":"","ast-breadcrumbs-content":"","ast-featured-img":"","footer-sml-layout":"","theme-transparent-header-meta":"default","adv-header-id-meta":"","stick-header-meta":"","header-above-stick-meta":"","header-main-stick-meta":"","header-below-stick-meta":"","astra-migrate-meta-layouts":"set","ast-page-background-enabled":"default","ast-page-background-meta":{"desktop":{"background-color":"","background-image":"","background-repeat":"repeat","background-position":"center center","background-size":"auto","background-attachment":"scroll","background-type":"","background-media":"","overlay-type":"","overlay-color":"","overlay-opacity":"","overlay-gradient":""},"tablet":{"background-color":"","background-image":"","background-repeat":"repeat","background-position":"center center","background-size":"auto","background-attachment":"scroll","background-type":"","background-media":"","overlay-type":"","overlay-color":"","overlay-opacity":"","overlay-gradient":""},"mobile":{"background-color":"","background-image":"","background-repeat":"repeat","background-position":"center center","background-size":"auto","background-attachment":"scroll","background-type":"","background-media":"","overlay-type":"","overlay-color":"","overlay-opacity":"","overlay-gradient":""}},"ast-content-background-meta":{"desktop":{"background-color":"var(--ast-global-color-5)","background-image":"","background-repeat":"repeat","background-position":"center center","background-size":"auto","background-attachment":"scroll","background-type":"","background-media":"","overlay-type":"","overlay-color":"","overlay-opacity":"","overlay-gradient":""},"tablet":{"background-color":"var(--ast-global-color-5)","background-image":"","background-repeat":"repeat","background-position":"center center","background-size":"auto","background-attachment":"scroll","background-type":"","background-media":"","overlay-type":"","overlay-color":"","overlay-opacity":"","overlay-gradient":""},"mobile":{"background-color":"var(--ast-global-color-5)","background-image":"","background-repeat":"repeat","background-position":"center center","background-size":"auto","background-attachment":"scroll","background-type":"","background-media":"","overlay-type":"","overlay-color":"","overlay-opacity":"","overlay-gradient":""}}},"product_cat":[79,91],"product_tag":[],"class_list":{"0":"post-6133","1":"product","2":"type-product","3":"status-publish","4":"has-post-thumbnail","6":"product_cat-klatki-do-cwiczen","7":"product_cat-uchwyty-i-porecze","8":"desktop-align-left","9":"tablet-align-left","10":"mobile-align-left","12":"first","13":"instock","14":"shipping-taxable","15":"product-type-simple"},"_links":{"self":[{"href":"https:\/\/www.hes.pl\/index.php\/wp-json\/wp\/v2\/product\/6133","targetHints":{"allow":["GET"]}}],"collection":[{"href":"https:\/\/www.hes.pl\/index.php\/wp-json\/wp\/v2\/product"}],"about":[{"href":"https:\/\/www.hes.pl\/index.php\/wp-json\/wp\/v2\/types\/product"}],"version-history":[{"count":4,"href":"https:\/\/www.hes.pl\/index.php\/wp-json\/wp\/v2\/product\/6133\/revisions"}],"predecessor-version":[{"id":6368,"href":"https:\/\/www.hes.pl\/index.php\/wp-json\/wp\/v2\/product\/6133\/revisions\/6368"}],"wp:featuredmedia":[{"embeddable":true,"href":"https:\/\/www.hes.pl\/index.php\/wp-json\/wp\/v2\/media\/6015"}],"wp:attachment":[{"href":"https:\/\/www.hes.pl\/index.php\/wp-json\/wp\/v2\/media?parent=6133"}],"wp:term":[{"taxonomy":"product_cat","embeddable":true,"href":"https:\/\/www.hes.pl\/index.php\/wp-json\/wp\/v2\/product_cat?post=6133"},{"taxonomy":"product_tag","embeddable":true,"href":"https:\/\/www.hes.pl\/index.php\/wp-json\/wp\/v2\/product_tag?post=6133"}],"curies":[{"name":"wp","href":"https:\/\/api.w.org\/{rel}","templated":true}]}}